{"id":3,"date":"2023-01-22T18:11:36","date_gmt":"2023-01-22T17:11:36","guid":{"rendered":"https:\/\/brusatooling.davidebonomini.it\/?page_id=3"},"modified":"2023-03-28T09:37:14","modified_gmt":"2023-03-28T07:37:14","slug":"privacy-policy","status":"publish","type":"page","link":"https:\/\/www.brusatooling.it\/?page_id=3","title":{"rendered":"<strong>Politica Sui Cookie<\/strong>"},"content":{"rendered":"\n<h2 class=\"wp-block-heading\"><strong>Che cos&#8217;\u00e8 un cookie?<\/strong><\/h2>\n\n\n\n<h4 class=\"wp-block-heading\"><strong>Cookie del browser:<\/strong><\/h4>\n\n\n\n<p>I cookie sono porzioni di informazioni che il sito Web inserisce nel tuo dispositivo di navigazione quando visiti una pagina. Possono comportare la trasmissione di informazioni tra il sito Web e il tuo dispositivo, e tra quest&#8217;ultimo e altri siti che operano per conto nostro o in privato, conformemente a quanto stabilito nella rispettiva Informativa sulla privacy. Possiamo utilizzare i cookie per riunire le informazioni che raccogliamo su di te. Puoi decidere di ricevere un avviso ogni volta che viene inviato un cookie o di disabilitare tutti i cookie modificando le impostazioni del browser. Disabilitando i cookie, tuttavia, alcuni dei nostri servizi potrebbero non funzionare correttamente e non potrai accedere a numerose funzionalit\u00e0 pensate per ottimizzare la tua esperienza di navigazione nel sito. Per maggiori informazioni sulla gestione o la disabilitazione dei cookie del browser, consulta l&#8217;ultima sezione della presente Politica sui cookie.<\/p>\n\n\n\n<p>Utilizziamo varie tipologie di cookie con funzioni diverse.<\/p>\n\n\n\n<h4 class=\"wp-block-heading\"><strong>1. Cookie strettamente necessari<\/strong><\/h4>\n\n\n\n<p>Questi cookie sono fondamentali per poter navigare sul sito Web e utilizzare alcune funzionalit\u00e0. Senza i cookie strettamente necessari, i servizi online che hai richiesto, come il carrello virtuale o l&#8217;emissione di fattura alla convalida di un acquisto, non possono essere forniti.<\/p>\n\n\n\n<p>Non \u00e8 necessario fornire il consenso per i cookie strettamente necessari, poich\u00e9 sono indispensabili per assicurarti i servizi richiesti. \u2003<\/p>\n\n\n\n<h4 class=\"wp-block-heading\"><strong>2. Cookie per le prestazioni<\/strong><\/h4>\n\n\n\n<p>\u00c8 possibile che da parte nostra (o dei i fornitori di servizi che operano per nostro conto) vengano inseriti dei cookie per le prestazioni nel tuo dispositivo di navigazione. Le informazioni raccolte mediante i cookie per le prestazioni sono utilizzate esclusivamente da noi o nel nostro interesse.<\/p>\n\n\n\n<p>I cookie per le prestazioni raccolgono informazioni anonime relative al modo in cui gli utenti utilizzano il sito Web e le sue varie funzionalit\u00e0. Ad esempio, i nostri cookie per le prestazioni raccolgono informazioni in merito alle pagine del sito che visiti pi\u00f9 spesso e alle nostre pubblicit\u00e0 che compaiono su altri siti Web con cui interagisci, oltre a verificare se apri e leggi le comunicazioni che ti inviamo e se ricevi messaggi di errore. Le informazioni raccolte possono essere utilizzate per personalizzare la tua esperienza online mostrando contenuti specifici. I cookie per le prestazioni servono anche per limitare il numero di visualizzazioni di uno stesso annuncio pubblicitario. I nostri cookie per le prestazioni non raccolgono informazioni di carattere personale.<\/p>\n\n\n\n<p>Un collegamento alla nostra Politica sui cookie \u00e8 disponibile nella parte inferiore di ciascuna pagina del presente sito Web. Continuando a utilizzare questo sito Web e le sue funzionalit\u00e0, autorizzi noi (e gli inserzionisti esterni di questo sito Web) a inserire cookie per le prestazioni nel tuo dispositivo di navigazione.<\/p>\n\n\n\n<p>Per eliminare o gestire i cookie per le prestazioni, consultare l&#8217;ultima sezione della presente Politica sui cookie.<\/p>\n\n\n\n<h4 class=\"wp-block-heading\"><strong>3. Cookie per funzionalit\u00e0<\/strong><\/h4>\n\n\n\n<p>\u00c8 possibile che da parte nostra (o dei i fornitori di servizi che operano per nostro conto) vengano inseriti dei cookie per funzionalit\u00e0 nel tuo dispositivo di navigazione. Non condividiamo le informazioni raccolte mediante i cookie per funzionalit\u00e0 con i nostri inserzionisti n\u00e9 con terzi.<\/p>\n\n\n\n<p>Questi cookie sono utilizzati per memorizzare le scelte che effettui (preferenza della lingua, paese o altre impostazioni online) e per fornirti le funzionalit\u00e0 personalizzate od ottimizzate che hai selezionato. I cookie per funzionalit\u00e0 possono essere utilizzati per offrirti servizi online o per evitare che ti vengano offerti servizi che hai rifiutato in passato.<\/p>\n\n\n\n<p>In alcuni casi, possiamo autorizzare inserzionisti o terze parti a fornirti contenuti e altre esperienze online tramite questo sito Web. In questo caso, la terza parte in questione potrebbe inserire i propri cookie per funzionalit\u00e0 nel tuo dispositivo e utilizzarli, in modo analogo a noi, al fine di fornirti funzionalit\u00e0 personalizzate e ottimizzare la tua esperienza d&#8217;uso. Selezionando opzioni e impostazioni personalizzate o funzionalit\u00e0 ottimizzate, autorizzi l&#8217;utilizzo da parte nostra (e di terzi) dei cookie per funzionalit\u00e0 necessari a offrirti tali esperienze.<\/p>\n\n\n\n<p>Eliminando i cookie per funzionalit\u00e0, le preferenze o le impostazioni selezionate non verranno memorizzate per visite future.<\/p>\n\n\n\n<h4 class=\"wp-block-heading\"><strong>4. Cookie promozionali o di targeting<\/strong><\/h4>\n\n\n\n<p><strong>Pubblicit\u00e0 mirata gestita da terze parti<\/strong><\/p>\n\n\n\n<p>I cookie di pubblicit\u00e0 mirata gestita da terze parti possono essere memorizzati sul dispositivo dell&#8217;utente da inserzionisti terze parti, reti pubblicitarie, servizi di scambio dati e analisi di marketing e altri fornitori di servizi.<\/p>\n\n\n\n<p>I cookie per la pubblicit\u00e0 mirata gestita da terze parti raccolgono informazioni sulla navigazione dell&#8217;utente sui vari siti web e sui servizi online al fine di visualizzare inserzioni pertinenti sui siti web e sui servizi online nostri e di terze parti. Le reti pubblicitarie possono condividere queste informazioni con gli inserzionisti utilizzando la loro rete. Le informazioni raccolte utilizzando questi cookie per la pubblicit\u00e0 mirata gestita da terze parti non identificano personalmente l&#8217;utente.<\/p>\n\n\n\n<h4 class=\"wp-block-heading\"><strong>Visitatori registrati<\/strong><\/h4>\n\n\n\n<p>Ci riserviamo il diritto di analizzare le attivit\u00e0 online dei visitatori registrati sui nostri siti Web e sui servizi online tramite l&#8217;uso dei cookie e di altre tecnologie di tracciabilit\u00e0. Se hai scelto di ricevere comunicazioni da parte nostra, possiamo utilizzare i cookie e altre tecnologie di tracciabilit\u00e0 per personalizzare le future comunicazioni in funzione dei tuoi interessi.<\/p>\n\n\n\n<p>Inoltre, ci riserviamo il diritto di utilizzare cookie o altre tecnologie di tracciabilit\u00e0 all&#8217;interno delle comunicazioni che ricevi da noi (ad esempio, per sapere se queste sono state lette o aperte o per rilevare con quali contenuti hai interagito e quali collegamenti hai aperto), in modo da rendere le comunicazioni future pi\u00f9 rispondenti ai tuoi interessi.<\/p>\n\n\n\n<p>Se non desideri pi\u00f9 ricevere comunicazioni mirate, puoi fare clic sul collegamento per l&#8217;annullamento dell&#8217;iscrizione, disponibile nelle nostre comunicazioni, o accedere al tuo account per revocare il consenso all&#8217;invio di comunicazioni a fini di marketing. Se non desideri pi\u00f9 ricevere comunicazioni pubblicitarie personalizzate in base alla tua attivit\u00e0 online su questo e altri siti Web, segui le istruzioni sopra riportate (per gli annunci pubblicitari mirati).<\/p>\n\n\n\n<h4 class=\"wp-block-heading\"><strong>Abilitazione\/disabilitazione di cookie tramite il browser<\/strong><\/h4>\n\n\n\n<p>Esistono diversi modi per gestire i cookie e altre tecnologie di tracciabilit\u00e0. Modificando le impostazioni del browser, puoi accettare o rifiutare i cookie o decidere di ricevere un messaggio di avviso prima di accettare un cookie dai siti Web visitati. Ti ricordiamo che disabilitando completamente i cookie nel browser potresti non essere in grado di utilizzare tutte le nostre funzionalit\u00e0 interattive.<\/p>\n\n\n\n<p>Se utilizzi pi\u00f9 computer in postazioni diverse, assicurati che ogni browser sia impostato in modo da soddisfare le tue preferenze.<\/p>\n\n\n\n<p>Puoi eliminare tutti i cookie installati nella cartella dei cookie del tuo browser. Ciascun browser presenta procedure diverse per la gestione delle impostazioni. Fai clic su uno dei collegamenti sottostanti per ottenere istruzioni specifiche.<\/p>\n\n\n\n<p><strong><a href=\"http:\/\/windows.microsoft.com\/it-it\/windows7\/block-enable-or-allow-cookies\">Microsoft Windows Explorer<\/a><\/strong><\/p>\n\n\n\n<p><strong><a href=\"https:\/\/support.google.com\/chrome\/bin\/answer.py?hl=it&amp;answer=95647&amp;p=cpn_cookies\">Google Chrome<\/a><\/strong><\/p>\n\n\n\n<p><strong><a href=\"http:\/\/support.mozilla.org\/it-IT\/kb\/Enabling%20and%20disabling%20cookies\">Mozilla Firefox<\/a><\/strong><\/p>\n\n\n\n<p><a href=\"http:\/\/support.apple.com\/kb\/PH17191?viewlocale=it_IT&amp;locale=it_IT\"><strong>Apple Safari<\/strong><\/a><\/p>\n\n\n\n<p>Se non utilizzi nessuno dei browser sopra elencati, seleziona &#8220;cookie&#8221; nella relativa sezione della guida per scoprire dove si trova la tua cartella dei cookie.<\/p>\n\n\n\n<h4 class=\"wp-block-heading\"><strong>Eliminazione dei cookie Flash<\/strong><\/h4>\n\n\n\n<p>Fai clic sul collegamento qui di seguito per modificare le tue impostazioni relative ai cookie Flash.<\/p>\n\n\n\n<p><strong><a href=\"http:\/\/www.macromedia.com\/support\/documentation\/it\/flashplayer\/help\/settings_manager02.html#118539\">Disabilitazione dei cookie Flash<\/a><\/strong><\/p>\n","protected":false},"excerpt":{"rendered":"<p>Che cos&#8217;\u00e8 un cookie? Cookie del browser: I cookie sono porzioni di informazioni che il sito Web inserisce nel tuo dispositivo di navigazione quando visiti una pagina. Possono comportare la trasmissione di informazioni tra il sito Web e il tuo dispositivo, e tra quest&#8217;ultimo e altri siti che operano per conto nostro o in privato,&hellip;&nbsp;<a href=\"https:\/\/www.brusatooling.it\/?page_id=3\" class=\"\" rel=\"bookmark\">Leggi tutto &raquo;<span class=\"screen-reader-text\"><strong>Politica Sui Cookie<\/strong><\/span><\/a><\/p>\n","protected":false},"author":1,"featured_media":0,"parent":0,"menu_order":0,"comment_status":"closed","ping_status":"open","template":"","meta":{"neve_meta_sidebar":"","neve_meta_container":"","neve_meta_enable_content_width":"","neve_meta_content_width":0,"neve_meta_title_alignment":"","neve_meta_author_avatar":"","neve_post_elements_order":"","neve_meta_disable_header":"","neve_meta_disable_footer":"","neve_meta_disable_title":"","_themeisle_gutenberg_block_has_review":false,"_ti_tpc_template_sync":false,"_ti_tpc_template_id":"","footnotes":""},"class_list":["post-3","page","type-page","status-publish","hentry"],"_links":{"self":[{"href":"https:\/\/www.brusatooling.it\/index.php?rest_route=\/wp\/v2\/pages\/3","targetHints":{"allow":["GET"]}}],"collection":[{"href":"https:\/\/www.brusatooling.it\/index.php?rest_route=\/wp\/v2\/pages"}],"about":[{"href":"https:\/\/www.brusatooling.it\/index.php?rest_route=\/wp\/v2\/types\/page"}],"author":[{"embeddable":true,"href":"https:\/\/www.brusatooling.it\/index.php?rest_route=\/wp\/v2\/users\/1"}],"replies":[{"embeddable":true,"href":"https:\/\/www.brusatooling.it\/index.php?rest_route=%2Fwp%2Fv2%2Fcomments&post=3"}],"version-history":[{"count":1,"href":"https:\/\/www.brusatooling.it\/index.php?rest_route=\/wp\/v2\/pages\/3\/revisions"}],"predecessor-version":[{"id":677,"href":"https:\/\/www.brusatooling.it\/index.php?rest_route=\/wp\/v2\/pages\/3\/revisions\/677"}],"wp:attachment":[{"href":"https:\/\/www.brusatooling.it\/index.php?rest_route=%2Fwp%2Fv2%2Fmedia&parent=3"}],"curies":[{"name":"wp","href":"https:\/\/api.w.org\/{rel}","templated":true}]}}